{"id":12,"date":"2023-03-09T15:14:47","date_gmt":"2023-03-09T15:14:47","guid":{"rendered":"https:\/\/magemi.fr\/punk\/?page_id=12"},"modified":"2023-03-10T19:03:52","modified_gmt":"2023-03-10T19:03:52","slug":"wall","status":"publish","type":"page","link":"https:\/\/magemi.fr\/punk\/wall\/","title":{"rendered":"Mur virtuel"},"content":{"rendered":"<div><\/div>\n<div class=\"strong-view strong-form strong-view-id-2 default-form wpmtst-default-form testimonial\" data-state=idle><div class=\"strong-form-wait\" data-formid=\"1\"><div class=\"message\"><img src=\"https:\/\/magemi.fr\/punk\/wp-content\/plugins\/strong-testimonials\/public\/svg\/spinner-solid.svg\" alt=\"Spinner d\u2019envoi de formulaire Strong Testimonials.\"><\/div><\/div><div class=\"wpmtst-form wpmtst-form-id-1\"><div class=\"strong-form-inner\"><p class=\"required-notice\"><span class=\"required symbol\"><\/span>Obligatoire        <\/p><form class=\"wpmtst-submission-form\" method=\"post\" enctype=\"multipart\/form-data\" autocomplete=\"off\" data-config=\"{&quot;scroll&quot;:{&quot;onError&quot;:true,&quot;onErrorOffset&quot;:80,&quot;onSuccess&quot;:true,&quot;onSuccessOffset&quot;:80},&quot;fields&quot;:[{&quot;name&quot;:&quot;nom_pseudo&quot;,&quot;type&quot;:&quot;text&quot;,&quot;required&quot;:1},{&quot;name&quot;:&quot;post_title&quot;,&quot;type&quot;:&quot;text&quot;,&quot;required&quot;:0},{&quot;name&quot;:&quot;post_content&quot;,&quot;type&quot;:&quot;textarea&quot;,&quot;required&quot;:1},{&quot;name&quot;:&quot;featured_image&quot;,&quot;type&quot;:&quot;file&quot;,&quot;required&quot;:0}],&quot;ajaxUrl&quot;:&quot;https:\\\/\\\/magemi.fr\\\/punk\\\/wp-admin\\\/admin-ajax.php&quot;}\" data-formid = \"1\"><div style=\"display: none;\"><input type=\"hidden\" id=\"wpmtst_form_nonce\" name=\"wpmtst_form_nonce\" value=\"d4a514878f\" \/><input type=\"hidden\" name=\"_wp_http_referer\" value=\"\/punk\/wp-json\/wp\/v2\/pages\/12\" \/><input type=\"hidden\" name=\"action\" value=\"wpmtst_form\"><input type=\"hidden\" name=\"form_id\" value=\"1\"><input type=\"hidden\" name=\"default_category\" value=\"18\"><input type=\"hidden\" name=\"category\" value=\"18\"><\/div><div class=\"form-field field-nom_pseudo\"><label for=\"wpmtst_nom_pseudo\" class=\"field-nom_pseudo\">Nom\/Pseudo<\/label><span class=\"required symbol\"><\/span><input id=\"wpmtst_nom_pseudo\" type=\"text\" class=\"text\" name=\"nom_pseudo\"  value=\"\" placeholder=\"\"   required tabindex=\"0\"><span class=\"after\"><\/span><\/div><div class=\"form-field field-post_title\"><label for=\"wpmtst_post_title\" class=\"field-post_title\">Titre<\/label><input id=\"wpmtst_post_title\" type=\"text\" class=\"text\" name=\"post_title\"  value=\"\" placeholder=\"\"   tabindex=\"0\"><span class=\"after\"><\/span><\/div><div class=\"form-field field-post_content\"><label for=\"wpmtst_post_content\" class=\"field-post_content\">T\u00e9moignage<\/label><span class=\"required symbol\"><\/span><textarea id=\"wpmtst_post_content\" name=\"post_content\" class=\"textarea\"  required placeholder=\"\"  tabindex=\"0\"><\/textarea><span class=\"after\">Racontez-nous!<\/span><\/div><div class=\"form-field field-featured_image\"><label for=\"wpmtst_featured_image\" class=\"field-featured_image\">Photo<\/label><div class=\"field-wrap\"><input id=\"wpmtst_featured_image\" type=\"file\" name=\"featured_image\" tabindex=\"0\"><\/div><span class=\"after\">Vous pouvez ajouter une photo d'\u00e9poque, une \u0153uvre ou une image t\u00e9moignant de votre exp\u00e9rience punk<\/span><\/div><div class=\"form-field wpmtst-submit\"><label><input type=\"submit\" class=\"wpmtst_submit_testimonial\" name=\"wpmtst_submit_testimonial\" value=\"Envoyer votre t\u00e9moignage\" class=\"button\" tabindex=\"0\"><\/label><\/div><\/form><\/div><\/div><\/div>\n<div class=\"strong-view strong-view-id-1 default wpmtst-default\" data-count=2><div class=\"strong-content strong-normal columns-1\"><div class=\"wpmtst-testimonial testimonial post-554\"><div class=\"wpmtst-testimonial-inner testimonial-inner\"><h3 class=\"wpmtst-testimonial-heading testimonial-heading\">Bravo les MAGEMI pour votre<\/h3><div    class=\"wpmtst-testimonial-content testimonial-content\"><div class=\"maybe-clear\"><\/div><p>Bravo les MAGEMI pour votre exposition que je suis pass\u00e9e voir bien s\u00fbr&#8230; Tr\u00e8s int\u00e9ressante et une belle alliance du fond et de la forme. Je garderai particuli\u00e8rement en m\u00e9moire le constat d&rsquo;\u00e9tat que nous avons fait ensemble&#8230; d&rsquo;une paire de Doc Martin&rsquo;s ! Qui prouve que tout peut faire patrimoine, quand c&rsquo;est accompagn\u00e9 de r\u00e9flexion et de sens.<br \/>\nBonne continuation \u00e0 toute la promo !<\/p><\/div><div class=\"wpmtst-testimonial-field testimonial-field \">Gwenola<\/div><div class=\"wpmtst-testimonial-field testimonial-field \">01\/09\/2023<\/div><div class=\"clear\"><\/div><\/div><\/div><div class=\"wpmtst-testimonial testimonial post-140\"><div class=\"wpmtst-testimonial-inner testimonial-inner\"><h3 class=\"wpmtst-testimonial-heading testimonial-heading\">Bienvenue !<\/h3><div    class=\"wpmtst-testimonial-content testimonial-content\"><div class=\"wpmtst-testimonial-image testimonial-image\"><a class=\"\" href=\"https:\/\/magemi.fr\/punk\/wp-content\/uploads\/2023\/03\/totebag.jpg\"><img width=\"249\" height=\"300\" src=\"https:\/\/magemi.fr\/punk\/wp-content\/uploads\/2023\/03\/totebag-249x300.jpg\" class=\"attachment-medium size-medium wp-post-image\" alt=\"\" decoding=\"async\" srcset=\"https:\/\/magemi.fr\/punk\/wp-content\/uploads\/2023\/03\/totebag-249x300.jpg 249w, https:\/\/magemi.fr\/punk\/wp-content\/uploads\/2023\/03\/totebag.jpg 373w\" sizes=\"(max-width: 249px) 100vw, 249px\" \/><\/a><\/div><div class=\"maybe-clear\"><\/div><p><strong>Soyez le premier \u00e0 laisser un message sur le mur virtuel !<\/strong><\/p><\/div><div class=\"wpmtst-testimonial-field testimonial-field \">MAGEMI<\/div><div class=\"wpmtst-testimonial-field testimonial-field \">10\/03\/2023<\/div><div class=\"clear\"><\/div><\/div><\/div><\/div><\/div>\n","protected":false},"excerpt":{"rendered":"","protected":false},"author":1,"featured_media":0,"parent":0,"menu_order":0,"comment_status":"closed","ping_status":"closed","template":"","meta":{"_price":"","_stock":"","_tribe_ticket_header":"","_tribe_default_ticket_provider":"","_tribe_ticket_capacity":"0","_ticket_start_date":"","_ticket_end_date":"","_tribe_ticket_show_description":"","_tribe_ticket_show_not_going":false,"_tribe_ticket_use_global_stock":"","_tribe_ticket_global_stock_level":"","_global_stock_mode":"","_global_stock_cap":"","_tribe_rsvp_for_event":"","_tribe_ticket_going_count":"","_tribe_ticket_not_going_count":"","_tribe_tickets_list":"[]","_tribe_ticket_has_attendee_info_fields":false,"footnotes":"","_links_to":"","_links_to_target":""},"_links":{"self":[{"href":"https:\/\/magemi.fr\/punk\/wp-json\/wp\/v2\/pages\/12"}],"collection":[{"href":"https:\/\/magemi.fr\/punk\/wp-json\/wp\/v2\/pages"}],"about":[{"href":"https:\/\/magemi.fr\/punk\/wp-json\/wp\/v2\/types\/page"}],"author":[{"embeddable":true,"href":"https:\/\/magemi.fr\/punk\/wp-json\/wp\/v2\/users\/1"}],"replies":[{"embeddable":true,"href":"https:\/\/magemi.fr\/punk\/wp-json\/wp\/v2\/comments?post=12"}],"version-history":[{"count":10,"href":"https:\/\/magemi.fr\/punk\/wp-json\/wp\/v2\/pages\/12\/revisions"}],"predecessor-version":[{"id":145,"href":"https:\/\/magemi.fr\/punk\/wp-json\/wp\/v2\/pages\/12\/revisions\/145"}],"wp:attachment":[{"href":"https:\/\/magemi.fr\/punk\/wp-json\/wp\/v2\/media?parent=12"}],"curies":[{"name":"wp","href":"https:\/\/api.w.org\/{rel}","templated":true}]}}