{"id":17,"date":"2023-03-09T15:15:42","date_gmt":"2023-03-09T15:15:42","guid":{"rendered":"https:\/\/magemi.fr\/punk\/?page_id=17"},"modified":"2023-03-22T18:47:39","modified_gmt":"2023-03-22T17:47:39","slug":"expo","status":"publish","type":"page","link":"https:\/\/magemi.fr\/punk\/expo\/","title":{"rendered":"Exposition"},"content":{"rendered":"<div id=\"pl-17\"  class=\"panel-layout\" ><div id=\"pg-17-0\"  class=\"panel-grid panel-no-style\" ><div id=\"pgc-17-0-0\"  class=\"panel-grid-cell\" ><div id=\"panel-17-0-0-0\" class=\"so-panel widget widget_text panel-first-child panel-last-child\" data-index=\"0\" ><h3 class=\"widget-title\">ALTERNATIF ! LES PUNKS A RENNES<\/h3>\t\t\t<div class=\"textwidget\"><p>&nbsp;<\/p>\n<p><span style=\"font-weight: 400;\">Le punk a-t-il marqu\u00e9 durablement la ville de Rennes ? En collectant la m\u00e9moire d&rsquo;acteurs qui ont v\u00e9cu ce mouvement de l&rsquo;int\u00e9rieur, l&rsquo;exposition<\/span><i><span style=\"font-weight: 400;\"> Alternatif ! Les punks \u00e0 Rennes<\/span><\/i><span style=\"font-weight: 400;\"> entend apporter une premi\u00e8re r\u00e9ponse, ou tout du moins jeter un regard sur son \u00e9volution dans la ville.\u00a0<\/span><\/p>\n<p><span style=\"font-weight: 400;\">Le punk \u00e9merge \u00e0 la fin des ann\u00e9es 1970, simultan\u00e9ment en plusieurs points du monde. Le mouvement na\u00eet dans un contexte social particulier et t\u00e9moigne d&rsquo;une envie de transgresser les normes d&rsquo;une soci\u00e9t\u00e9 dans laquelle la jeunesse ne se reconna\u00eet plus. S&rsquo;il prend ses racines dans la musique, il devient une culture \u00e0 part enti\u00e8re incluant une identit\u00e9 visuelle et vestimentaire ainsi qu&rsquo;un engagement politique.<\/span><\/p>\n<p><span style=\"font-weight: 400;\">\u00c0 <\/span><span style=\"font-weight: 400;\">Rennes, le mouvement punk a investi plusieurs environnements : les concerts, les r\u00e9seaux de diffusion de musique, mais \u00e9galement les squats ainsi que la rue, lieux de rencontres et d&rsquo;\u00e9changes. L&rsquo;exposition, \u00e0 travers la symbolique des espaces, abordera plusieurs th\u00e9matiques centrales au mouvement punk.<\/span><\/p>\n<p><span style=\"font-weight: 400;\">\u00c9<\/span><span style=\"font-weight: 400;\">l\u00e9ments clefs pour la compr\u00e9hension du mouvement, la photographie et les t\u00e9moignages exprimeront tout particuli\u00e8rement ce qu&rsquo;a \u00e9t\u00e9 le punk \u00e0 Rennes, pour ceux qui l&rsquo;ont v\u00e9cu. <\/span><span style=\"font-weight: 400;\">\u00c0<\/span><span style=\"font-weight: 400;\"> ces points de vue seront adjoints de nombreux objets tels que des pochettes de disques, des v\u00eatements, des badges, des fanzines, des affiches, des tickets de concert, des articles de presse, ainsi que de la musique et des vid\u00e9os. La richesse et l&rsquo;h\u00e9t\u00e9rog\u00e9n\u00e9it\u00e9 de ces productions, issues exclusivement d&rsquo;archives priv\u00e9es, diront la force et la long\u00e9vit\u00e9 d\u2019un mouvement qui a su traverser les d\u00e9cennies.<\/span><\/p>\n<\/div>\n\t\t<\/div><\/div><div id=\"pgc-17-0-1\"  class=\"panel-grid-cell\" ><div id=\"panel-17-0-1-0\" class=\"so-panel widget widget_themegrill_flash_image tg-widget tg-image-widget panel-first-child panel-last-child\" data-index=\"1\" >\t<a href=\"https:\/\/magemi.fr\/punk\/wp-content\/uploads\/2023\/03\/affiche02.jpg\"><img src=\"https:\/\/magemi.fr\/punk\/wp-content\/uploads\/2023\/03\/affiche02.jpg\" \/><\/a>\n<\/div><\/div><\/div><div id=\"pg-17-1\"  class=\"panel-grid panel-has-style\" ><div class=\"panel-row-style panel-row-style-for-17-1\" ><div id=\"pgc-17-1-0\"  class=\"panel-grid-cell\" ><div id=\"panel-17-1-0-0\" class=\"so-panel widget widget_text panel-first-child panel-last-child\" data-index=\"2\" ><h3 class=\"widget-title\">INFORMATIONS PRATIQUES<\/h3>\t\t\t<div class=\"textwidget\"><p><strong><br \/>\nDates et horaires<br \/>\n<\/strong>Du 3 avril au 24 juin 2023 inclus<br \/>\nLundi au vendredi de 9h \u00e0 18h<br \/>\nSamedi de 14h \u00e0 17h30<br \/>\nFermeture les jours f\u00e9ri\u00e9s<\/p>\n<p><strong>Tarifs &amp; Conditions<br \/>\n<\/strong>Entr\u00e9e gratuite sans r\u00e9servation<\/p>\n<p><strong>Transports<br \/>\n<\/strong>Acc\u00e8s : 6 Cours des Alli\u00e9s, 35000 Rennes<br \/>\nM\u00e9tro <img decoding=\"async\" loading=\"lazy\" class=\"alignnone wp-image-250\" src=\"https:\/\/magemi.fr\/punk\/wp-content\/uploads\/2023\/03\/metroa.jpg\" alt=\"\" width=\"18\" height=\"18\" srcset=\"https:\/\/magemi.fr\/punk\/wp-content\/uploads\/2023\/03\/metroa.jpg 100w, https:\/\/magemi.fr\/punk\/wp-content\/uploads\/2023\/03\/metroa-75x75.jpg 75w\" sizes=\"(max-width: 18px) 100vw, 18px\" \/> &#8211;\u00a0arr\u00eats Charles de Gaulle et Gare<br \/>\n<em>\u00c0 5 minutes \u00e0 pied de la gare<\/em><\/p>\n<p>&nbsp;<\/p>\n<\/div>\n\t\t<\/div><\/div><\/div><\/div><\/div>","protected":false},"excerpt":{"rendered":"<p>&nbsp; Le punk a-t-il marqu\u00e9 durablement la ville de Rennes ? En collectant la m\u00e9moire d&rsquo;acteurs qui ont v\u00e9cu ce [&hellip;]<\/p>\n","protected":false},"author":1,"featured_media":0,"parent":0,"menu_order":0,"comment_status":"closed","ping_status":"closed","template":"","meta":{"_price":"","_stock":"","_tribe_ticket_header":"","_tribe_default_ticket_provider":"","_tribe_ticket_capacity":"0","_ticket_start_date":"","_ticket_end_date":"","_tribe_ticket_show_description":"","_tribe_ticket_show_not_going":false,"_tribe_ticket_use_global_stock":"","_tribe_ticket_global_stock_level":"","_global_stock_mode":"","_global_stock_cap":"","_tribe_rsvp_for_event":"","_tribe_ticket_going_count":"","_tribe_ticket_not_going_count":"","_tribe_tickets_list":"[]","_tribe_ticket_has_attendee_info_fields":false,"footnotes":"","_links_to":"","_links_to_target":""},"_links":{"self":[{"href":"https:\/\/magemi.fr\/punk\/wp-json\/wp\/v2\/pages\/17"}],"collection":[{"href":"https:\/\/magemi.fr\/punk\/wp-json\/wp\/v2\/pages"}],"about":[{"href":"https:\/\/magemi.fr\/punk\/wp-json\/wp\/v2\/types\/page"}],"author":[{"embeddable":true,"href":"https:\/\/magemi.fr\/punk\/wp-json\/wp\/v2\/users\/1"}],"replies":[{"embeddable":true,"href":"https:\/\/magemi.fr\/punk\/wp-json\/wp\/v2\/comments?post=17"}],"version-history":[{"count":76,"href":"https:\/\/magemi.fr\/punk\/wp-json\/wp\/v2\/pages\/17\/revisions"}],"predecessor-version":[{"id":463,"href":"https:\/\/magemi.fr\/punk\/wp-json\/wp\/v2\/pages\/17\/revisions\/463"}],"wp:attachment":[{"href":"https:\/\/magemi.fr\/punk\/wp-json\/wp\/v2\/media?parent=17"}],"curies":[{"name":"wp","href":"https:\/\/api.w.org\/{rel}","templated":true}]}}