{"id":475,"date":"2023-03-27T14:50:32","date_gmt":"2023-03-27T12:50:32","guid":{"rendered":"https:\/\/magemi.fr\/punk\/?page_id=475"},"modified":"2023-03-27T15:02:59","modified_gmt":"2023-03-27T13:02:59","slug":"temoignage-christian-dargelos","status":"publish","type":"page","link":"https:\/\/magemi.fr\/punk\/temoignage-christian-dargelos\/","title":{"rendered":"T\u00e9moignage &#8211; Christian Trotoux dit \u00ab\u00a0Dargelos\u00a0\u00bb"},"content":{"rendered":"<h3><b>Autour du punk<\/b><\/h3>\n<p>&nbsp;<\/p>\n<p><strong><em>C&rsquo;est quoi pour toi le punk ?\u00a0<\/em><\/strong><\/p>\n<p>Avant tout, un mouvement musical qui retrouvait l\u2019esprit rock des ann\u00e9es cinquante. Une musique de jeunes chiens fous, \u00e9lectrique et sauvage avec cette pointe de provoc\u2019 qui voulait faire table rase du pass\u00e9.<\/p>\n<p><strong><em>Quelles \u00e9taient les lieux qui ont le plus marqu\u00e9 ton exp\u00e9rience de la sc\u00e8ne punk ?\u00a0<\/em><em>\u00a0<\/em><\/strong><\/p>\n<p>La ville de Londres a tout de suite symbolis\u00e9 le mouvement. Les Anglais sont par essence excentrique, ils adorent cr\u00e9er des courants musicaux et l\u2019originalit\u00e9 vestimentaire, L\u2019Anglais aime se d\u00e9marquer du reste du monde, le punk, \u00e0 travers son c\u00f4t\u00e9 carnavalesque provocateur a marqu\u00e9 les esprits, autant que la musique \u00e0 mon sens. Les Anglais sont les champions pour innover, peut-\u00eatre leur c\u00f4t\u00e9 ilien d\u00e9tach\u00e9 du continent\u00a0!<\/p>\n<p><em><strong>Comment est-ce que tu te situes dans le mouvement punk actuel ?<\/strong><\/em><\/p>\n<p>Nulle part. Pour moi, le mouvement a v\u00e9cu m\u00eame s\u2019il a laiss\u00e9 des traces et que des soir\u00e9es ou festivals revivals voient le jour ici et l\u00e0, le punk n\u2019a dur\u00e9 que deux ans, 1976\/1977. Ensuite, le punk s\u2019est dilu\u00e9 dans la New Wave puis le rock alternatif et le Grunge.<\/p>\n<p>&nbsp;<\/p>\n<h3><strong>Chez le disquaire<\/strong><\/h3>\n<p>&nbsp;<\/p>\n<p><strong><em>Pour toi quel est le moyen de diffusion de musique le plus fr\u00e9quent pour le punk \u00e0 Rennes\u00a0?\u00a0 (Disquaires, radio, presse, bouche \u00e0 oreille, concerts)<\/em><\/strong><\/p>\n<p>Je ne sais pas si le punk existe encore \u00e0 Rennes ? Je dirais plut\u00f4t les r\u00e9seaux sociaux, quelques \u00e9missions de radio sur Canal B ax\u00e9es sur ses th\u00e8mes de retrouvailles. Mais cela reste marginal.<\/p>\n<p><em><strong>Fr\u00e9quentais-tu r\u00e9guli\u00e8rement les disquaires ? Quels rapports avais-tu avec ces boutiques ?<\/strong><\/em><\/p>\n<p>Bien s\u00fbr !! \u00e0 l\u2019\u00e9poque, le disque avait une place majeure dans la diffusion du rock en g\u00e9n\u00e9ral. On se ruait chez les disquaires pour acheter les derniers 45 tours vinyles. Les groupes punks \u00e9crivaient de bons titres, mais pas assez pour faire un album consistant. En revanche, dans le lot, certaines formations sortaient des singles bien catchy !! j\u2019ai plaisir \u00e0 r\u00e9\u00e9couter encore aujourd\u2019hui.<\/p>\n<p><em><strong>Quel \u00e9tait ton disque ou ta musique punk iconique selon toi ?<\/strong><\/em><\/p>\n<p>\u00ab\u00a0Pretty vacant\u00a0\u00bb des Sex Pistols me semble le titre parfait pour r\u00e9sumer ces ann\u00e9es punks.<br \/>\n\u00ab\u00a0Rattus Norvegicus\u00a0\u00bb des Stranglers pour l\u2019album embl\u00e9matique de cette p\u00e9riode.<\/p>\n<p>&nbsp;<\/p>\n<h3>Dans la rue<\/h3>\n<p>&nbsp;<\/p>\n<p><strong><em>Ton investissement dans le mouvement punk se traduisait-il par une apparence particuli\u00e8re ?<\/em><\/strong><\/p>\n<p>J\u2019ai chang\u00e9 d\u2019accoutrement bien \u00e9videmment, mais sans exc\u00e8s. J\u2019aimais bien le retour du costard un peu large avec la chemise blanche et la cravate noire. Un pin\u2019s ou deux pour montrer mon attachement au mouvement. Et le retour aux cheveux courts, une b\u00e9n\u00e9diction\u00a0!<\/p>\n<p><em><strong>De quelle mani\u00e8re les diff\u00e9rents groupes de punks s&rsquo;appropriaient-ils et occupaient-ils la ville \u00e0 l&rsquo;\u00e9poque (toi et ta bande de potes inclus) ? Est-ce que \u00e7a passait par le street art \u00e9galement\u00a0?<\/strong><\/em><\/p>\n<p>Surtout pas la rue avec une meute de chiens. Non, on restait dans un caf\u00e9, rue Vasselot \u00ab\u00a0l\u2019Ep\u00e9e\u00a0\u00bb. Le street art est arriv\u00e9 plus tard, vers les ann\u00e9es 85\/86 au moment du break dance et l\u2019\u00e9mergence du rap new-yorkais.<\/p>\n<p><em><strong>Ton implication dans le mouvement venait-elle d&rsquo;un engagement social et politique ?<\/strong><\/em><\/p>\n<p>Pas du tout, m\u00eame si le cot\u00e9 anar et nihiliste caract\u00e9risait le mouvement \u00e0 ses d\u00e9buts. Ceci dit, le punk anglais est apparu sous l\u2019\u00e8re travailliste en Angleterre, plut\u00f4t vers\u00e9e \u00e0 gauche,\u00a0 puis est arriv\u00e9e Dame Thatcher peu apr\u00e8s et son cort\u00e8ge lib\u00e9ral. La port\u00e9e politique du mouvement n\u2019\u00e9tait pas si criante que cela, m\u00eame si certains voulaient faire croire le contraire. Par contre, le mouvement punk \u00e9tait clairement anti-national front au Royaume-Uni alors que l\u2019extr\u00eame-droite anglaise avait le vent en poupe dans ces ann\u00e9es-l\u00e0\u00a0!<\/p>\n<p>&nbsp;<\/p>\n<h3><b>Au squat<\/b><\/h3>\n<p>&nbsp;<\/p>\n<p><em><strong>Pour toi, qu&rsquo;est-ce que c&rsquo;est \u00ab\u00a0squatter\u00a0\u00bb ?<\/strong><\/em><\/p>\n<p>Prendre possession d\u2019un lieu qui ne t\u2019appartient pas\u00a0!!<\/p>\n<p><em><strong>Quel est ton rapport au fanzine ?<\/strong><\/em><\/p>\n<p>Habile moyen de communication, pas trop on\u00e9reux \u00e0 r\u00e9aliser, dynamique et outil d\u2019information musicale qui permettrait de suivre l\u2019actualit\u00e9 des groupes en temps et en heure. Utile avant l\u2019arriv\u00e9e des radios libres. Le ph\u00e9nom\u00e8ne fanzine a bouscul\u00e9 les journaux musicaux \u00e9tablis comme <em>Rock &amp; Folk<\/em> et <em>Best<\/em>. \u00c0 Rennes, Pierre Fablet, musicien et adepte de la photocopieuse avait lanc\u00e9 son fanzine intitul\u00e9 Les actualit\u00e9s du monde libre. Il \u00e9crivait sur P\u00e8re Ubu, le groupe am\u00e9ricain avait qui il \u00e9tait en relation. C\u2019est \u00e7a le fanzine, parler d\u2019autres choses et faire d\u00e9couvrir d\u2019autres artistes.<\/p>\n<p>De mon c\u00f4t\u00e9, j\u2019\u00e9tais lecteur du <em>Melody Maker <\/em>et du <em>New Musical Express<\/em>, des journaux hebdomadaires que l\u2019on trouvait facilement dans les kiosques en France\u00a0!<\/p>\n<p><em><strong>Quelle \u00e9tait la place de la politique dans ton exp\u00e9rience ?<\/strong><\/em><\/p>\n<p>Nulle, jamais encart\u00e9\u00a0! J\u2019ai peu associ\u00e9 le punk \u00e0 un mouvement contestataire politis\u00e9. Seul Joe Strummer des Clash avait une conscience politique fort aiguis\u00e9e. Le punk s\u2019est vite d\u00e9port\u00e9 vers d\u2019autres courants culturels comme la mode, le cin\u00e9ma, voire la litt\u00e9rature.<\/p>\n<h3><\/h3>\n<p>&nbsp;<\/p>\n<h3><strong>En concert<\/strong><\/h3>\n<p>&nbsp;<\/p>\n<p><em><strong>Quel est ton rapport avec le monde des concerts ?<\/strong><\/em><\/p>\n<p>J\u2019adorais le monde des concerts que j\u2019ai r\u00e9ellement d\u00e9couvert \u00e0 Londres. Un bon concert live visuellement et musicalement procure une esp\u00e8ce de transe. J\u2019ai r\u00e9ellement assist\u00e9 \u00e0 des concerts qui ont donn\u00e9 un sens \u00e0 ma vie. De v\u00e9ritables r\u00e9v\u00e9lations sur un plan \u00e9motionnel.<\/p>\n<p><em><strong>Comment est-ce que tu d\u00e9crirais l&rsquo;ambiance g\u00e9n\u00e9rale des bars et des concerts que tu fr\u00e9quentais ? De ton exp\u00e9rience, est-ce que tu qualifierais la sc\u00e8ne punk rennaise (concerts, musique, artistes, public) comme violente et provocatrice ?<\/strong><\/em><\/p>\n<p>Plut\u00f4t bon enfant. Parfois \u00e9lectrique et provoc\u2019 mais nullement violente\u00a0!<\/p>\n<p><em><strong>Quels \u00e9taient les lieux de concerts underground principaux \u00e0 Rennes selon toi et d\u00e9cris-nous les souvenirs que tu en as\u00a0?<\/strong><\/em><\/p>\n<p>L\u2019\u00e9mergence des concerts \u00e0 Rennes est arriv\u00e9e bien apr\u00e8s la vague punk. C\u2019est la New Wave au d\u00e9but 80 qui a ramass\u00e9 la mise d\u2019un terrain qu\u2019on avait patiemment travaill\u00e9 en amont.<\/p>\n<p>&nbsp;<\/p>\n<h3><a href=\"https:\/\/magemi.fr\/punk\/temoignages\/\"><strong>Revenir aux t\u00e9moignages<\/strong><\/a><\/h3>\n<p>&nbsp;<\/p>\n","protected":false},"excerpt":{"rendered":"<p>Autour du punk &nbsp; C&rsquo;est quoi pour toi le punk ?\u00a0 Avant tout, un mouvement musical qui retrouvait l\u2019esprit rock [&hellip;]<\/p>\n","protected":false},"author":1,"featured_media":0,"parent":0,"menu_order":0,"comment_status":"closed","ping_status":"closed","template":"","meta":{"_price":"","_stock":"","_tribe_ticket_header":"","_tribe_default_ticket_provider":"","_tribe_ticket_capacity":"0","_ticket_start_date":"","_ticket_end_date":"","_tribe_ticket_show_description":"","_tribe_ticket_show_not_going":false,"_tribe_ticket_use_global_stock":"","_tribe_ticket_global_stock_level":"","_global_stock_mode":"","_global_stock_cap":"","_tribe_rsvp_for_event":"","_tribe_ticket_going_count":"","_tribe_ticket_not_going_count":"","_tribe_tickets_list":"[]","_tribe_ticket_has_attendee_info_fields":false,"footnotes":"","_links_to":"","_links_to_target":""},"_links":{"self":[{"href":"https:\/\/magemi.fr\/punk\/wp-json\/wp\/v2\/pages\/475"}],"collection":[{"href":"https:\/\/magemi.fr\/punk\/wp-json\/wp\/v2\/pages"}],"about":[{"href":"https:\/\/magemi.fr\/punk\/wp-json\/wp\/v2\/types\/page"}],"author":[{"embeddable":true,"href":"https:\/\/magemi.fr\/punk\/wp-json\/wp\/v2\/users\/1"}],"replies":[{"embeddable":true,"href":"https:\/\/magemi.fr\/punk\/wp-json\/wp\/v2\/comments?post=475"}],"version-history":[{"count":14,"href":"https:\/\/magemi.fr\/punk\/wp-json\/wp\/v2\/pages\/475\/revisions"}],"predecessor-version":[{"id":489,"href":"https:\/\/magemi.fr\/punk\/wp-json\/wp\/v2\/pages\/475\/revisions\/489"}],"wp:attachment":[{"href":"https:\/\/magemi.fr\/punk\/wp-json\/wp\/v2\/media?parent=475"}],"curies":[{"name":"wp","href":"https:\/\/api.w.org\/{rel}","templated":true}]}}