{"id":490,"date":"2023-03-27T15:17:57","date_gmt":"2023-03-27T13:17:57","guid":{"rendered":"https:\/\/magemi.fr\/punk\/?page_id=490"},"modified":"2023-03-27T15:20:12","modified_gmt":"2023-03-27T13:20:12","slug":"temoignages-cathy-virgilio","status":"publish","type":"page","link":"https:\/\/magemi.fr\/punk\/temoignages-cathy-virgilio\/","title":{"rendered":"T\u00e9moignages &#8211; Cathy Virgilio"},"content":{"rendered":"<h3>Autour de la Funhouse<\/h3>\n<p>&nbsp;<\/p>\n<p><em><b>La Funhouse, c\u2019est quoi ?<\/b><\/em><\/p>\n<p><span style=\"font-weight: 400;\">\u00c0 l\u2019origine, nous occupions une petite maison l\u00e9galement qui s\u2019appelait la Fun Association. C\u2019\u00e9tait un squat l\u00e9gal, car on nous laissait faire un peu ce qu\u2019on voulait. C\u2019\u00e9tait un endroit frapp\u00e9 d\u2019animation, il y avait tout le temps du monde, et on y jouait tout le temps de la musique. L\u2019id\u00e9e de base, c\u2019\u00e9tait surtout de faire du lieu un local de r\u00e9p\u00e9tition pour les groupes. \u00c0 l\u2019\u00e9poque, on accueillait des gens comme Bruno Perrin par exemple. On est tr\u00e8s vite arriv\u00e9s \u00e0 une quinzaine de groupes qui r\u00e9p\u00e9taient, ce qui est plut\u00f4t pas mal ! Par la suite, nous avons d\u00e9m\u00e9nag\u00e9 et nous avons \u00e9t\u00e9 relog\u00e9s par la ville en 1991. Cette fois-ci, la Funhouse disposait d\u2019un espace de 1300 m\u00b2, ce qui nous a vraiment beaucoup chang\u00e9 ! On avait une salle de spectacle, une galerie d\u2019exposition, une surface de travail pour les plasticiens, un bar, les bureaux de l\u2019association et enfin, les locaux de r\u00e9p\u00e9tition. Cet endroit, nous l\u2019avons eu pendant 6-7 ans puis il a malheureusement ferm\u00e9 en 1996. Par la suite, la Fun a d\u00e9m\u00e9nag\u00e9 pour la derni\u00e8re fois dans un lieu semblable de 1300 m\u00b2, mais cette fois-ci beaucoup mieux situ\u00e9 puisque nous \u00e9tions en centre-ville. La Funhouse a donc exist\u00e9 sur trois endroits.<\/span><\/p>\n<p>&nbsp;<\/p>\n<p><em><b>La Funhouse \u00e9tait-elle un lieu punk ?<\/b><\/em><\/p>\n<p><span style=\"font-weight: 400;\">Dans l\u2019esth\u00e9tique et la musique, on va dire que oui, mais par rapport \u00e0 d\u2019autres lieux alternatifs, non. Tout simplement car nous \u00e9tions tr\u00e8s organis\u00e9s. Tout ce que l\u2019on faisait \u00e9tait d\u00e9clar\u00e9 et on avait m\u00eame des salari\u00e9s au sein de la Fun. Donc non, nous n\u2019\u00e9tions pas r\u00e9ellement punks compar\u00e9s \u00e0 des lieux comme Le Wagon a Saint-Brieuc, qui \u00e9tait vraiment alternatif pour le coup ! C\u2019est un choix si l\u2019ont veut, car avec ce type d\u2019endroit, tout peut s\u2019arr\u00eater du jour au lendemain. Moi \u00e7a n\u2019allait pas avec ma conception des choses. J\u2019ai toujours \u00e9t\u00e9 une personne tr\u00e8s entreprenante, et j\u2019avais r\u00e9ellement l\u2019envie de construire et de d\u00e9velopper quelque chose qui dure dans le temps, je n\u2019\u00e9tais pas dans le <\/span><i><span style=\"font-weight: 400;\">no future<\/span><\/i><span style=\"font-weight: 400;\">.<\/span><\/p>\n<p>&nbsp;<\/p>\n<p><em><b>Quelle \u00e9tait la place du politique au sein de la Funhouse ?<\/b><\/em><\/p>\n<p><span style=\"font-weight: 400;\">Non, la Fun n\u2019\u00e9tait pas r\u00e9ellement politique. En r\u00e9alit\u00e9, il \u00e9tait vraiment impossible de nous raccrocher \u00e0 un mouvement politique, quel qu\u2019il soit, car notre d\u00e9marche \u00e9tait avant tout culturelle !<\/span><\/p>\n<p><span style=\"font-weight: 400;\">Et puis, pour certains d\u2019entre nous, on \u00e9tait dans des r\u00e9alit\u00e9s o\u00f9 il fallait trouver un toit et de quoi manger. Quand on est dans cette situation, la politique passe \u00e0 c\u00f4t\u00e9. Nous \u00e9tions r\u00e9ellement dans le partage et dans l\u2019entraide les uns et les autres. C\u2019\u00e9tait vraiment \u00e7a l\u2019esprit de la Fun, un lieu respectueux avec des valeurs.<\/span><\/p>\n<p>&nbsp;<\/p>\n<p><em><b>Quel \u00e9tait l&rsquo;esprit de la Funhouse ?<\/b><\/em><strong><br \/>\n<\/strong><\/p>\n<p><span style=\"font-weight: 400;\">L\u2019esprit de la Funhouse, c\u2019\u00e9tait surtout la l\u00e9g\u00e8ret\u00e9 et le je-m\u2019en-foutisme. On se sentait pas vraiment concern\u00e9s par tout ce qui se passait dehors, ce qui nous tenait surtout, c\u2019\u00e9tait la f\u00eate. L\u2019id\u00e9e, c\u2019\u00e9tait de s\u2019\u00e9clater et de faire la bringue avec nos copains. Nous n\u2019\u00e9tions pas du tout dans la revendication ou le militantisme, on voulait surtout faire avancer les choses en \u00e9tant actifs et en faisant quelque chose de r\u00e9ellement concret.\u00a0 On voulait s\u2019imposer au pouvoir public sans passer par une gr\u00e8ve ou un autre mouvement engag\u00e9 politiquement. L\u2019id\u00e9e, c\u2019\u00e9tait de montrer que l\u2019on \u00e9tait capable de se d\u00e9brouiller de nous-m\u00eames et d\u2019y arriver sans l\u2019aide de personne. Par ailleurs, on a toujours \u00e9cout\u00e9 et dialogu\u00e9 avec les pouvoirs publics, avec la police surtout. Parce que l\u2019on n\u2019arrive \u00e0 rien en fermant la porte \u00e0 un flic qui veut venir inspecter ou te serrer la paluche. On s\u2019\u00e9coute, et cela nous a quand m\u00eame rendu bien service.<\/span><strong><br \/>\n<\/strong><\/p>\n<p>&nbsp;<\/p>\n<p><em><b>Quel est ton rapport au DIY avec la Funhouse ?<\/b><\/em><strong><br \/>\n<\/strong><\/p>\n<p><span style=\"font-weight: 400;\">Oui, on \u00e9tait vraiment l\u00e0-dedans \u00e0 l\u2019\u00e9poque tout simplement parce que nous n&rsquo;avions pas un sou ! Pour vous donner un exemple, quand nous avons quitt\u00e9 la premi\u00e8re Funhouse, nous sommes partis avec absolument tout. Les radiateurs, le plancher, le mobilier, tout ce que l&rsquo;on a pu prendre, on l&rsquo;a pris. Il y avait beaucoup de magouille et nous \u00e9tions toujours \u00e0 chercher les bons plans. Pour le reste, tout \u00e9tait fait par nous, que ce soit l\u2019eau, l\u2019\u00e9lectricit\u00e9 ou encore le chauffage. Les locaux de r\u00e9p\u00e9tition sont les seuls \u00e0 avoir \u00e9t\u00e9 faits par un artisan qui nous a fait cr\u00e9dit.<\/span><\/p>\n<p>&nbsp;<\/p>\n<p><b>Cela demande de sacr\u00e9es comp\u00e9tences, non ?<\/b><\/p>\n<p><span style=\"font-weight: 400;\">\u00c7a demande un sacr\u00e9 r\u00e9seau surtout et on \u00e9tait aussi une sacr\u00e9e \u00e9quipe. Personne n\u2019y croyait, je me rappelle, on pariait m\u00eame sur nous parce qu\u2019on n\u2019avait vraiment pas un rond, pas de tr\u00e9sorerie et aucune banque ne nous suivait. Pour certains, c\u2019\u00e9tait donc vraiment impossible que le projet voie le jour. Et puis les travaux se sont termin\u00e9s et la Fun \u00e9tait n\u00e9e. D\u2019ailleurs m\u00eame si on \u00e9tait dans l\u2019esprit de d\u00e9brouille, on n&rsquo;oubliait jamais l\u2019essentiel comme les acc\u00e8s pour les personnes \u00e0 mobilit\u00e9 r\u00e9duite, on a r\u00e9ussi \u00e0 tout faire dans les normes.<\/span><\/p>\n<h3><strong><br \/>\n<a href=\"https:\/\/magemi.fr\/punk\/temoignages\/\">Retourner aux t\u00e9moignages<\/a><\/strong><\/h3>\n<p>&nbsp;<\/p>\n","protected":false},"excerpt":{"rendered":"<p>Autour de la Funhouse &nbsp; La Funhouse, c\u2019est quoi ? \u00c0 l\u2019origine, nous occupions une petite maison l\u00e9galement qui s\u2019appelait [&hellip;]<\/p>\n","protected":false},"author":1,"featured_media":0,"parent":0,"menu_order":0,"comment_status":"closed","ping_status":"closed","template":"","meta":{"_price":"","_stock":"","_tribe_ticket_header":"","_tribe_default_ticket_provider":"","_tribe_ticket_capacity":"0","_ticket_start_date":"","_ticket_end_date":"","_tribe_ticket_show_description":"","_tribe_ticket_show_not_going":false,"_tribe_ticket_use_global_stock":"","_tribe_ticket_global_stock_level":"","_global_stock_mode":"","_global_stock_cap":"","_tribe_rsvp_for_event":"","_tribe_ticket_going_count":"","_tribe_ticket_not_going_count":"","_tribe_tickets_list":"[]","_tribe_ticket_has_attendee_info_fields":false,"footnotes":"","_links_to":"","_links_to_target":""},"_links":{"self":[{"href":"https:\/\/magemi.fr\/punk\/wp-json\/wp\/v2\/pages\/490"}],"collection":[{"href":"https:\/\/magemi.fr\/punk\/wp-json\/wp\/v2\/pages"}],"about":[{"href":"https:\/\/magemi.fr\/punk\/wp-json\/wp\/v2\/types\/page"}],"author":[{"embeddable":true,"href":"https:\/\/magemi.fr\/punk\/wp-json\/wp\/v2\/users\/1"}],"replies":[{"embeddable":true,"href":"https:\/\/magemi.fr\/punk\/wp-json\/wp\/v2\/comments?post=490"}],"version-history":[{"count":4,"href":"https:\/\/magemi.fr\/punk\/wp-json\/wp\/v2\/pages\/490\/revisions"}],"predecessor-version":[{"id":494,"href":"https:\/\/magemi.fr\/punk\/wp-json\/wp\/v2\/pages\/490\/revisions\/494"}],"wp:attachment":[{"href":"https:\/\/magemi.fr\/punk\/wp-json\/wp\/v2\/media?parent=490"}],"curies":[{"name":"wp","href":"https:\/\/api.w.org\/{rel}","templated":true}]}}